{"id":5751,"date":"2021-08-07T08:08:39","date_gmt":"2021-08-07T08:08:39","guid":{"rendered":"https:\/\/www.ferienzentrum-heidenau.de\/?page_id=5751"},"modified":"2025-05-11T19:47:18","modified_gmt":"2025-05-11T17:47:18","slug":"speisen-shoppen-gas","status":"publish","type":"page","link":"https:\/\/www.ferienzentrum-heidenau.de\/en\/speisen-shoppen-gas\/","title":{"rendered":"SPEISEN &#038; SHOPPEN GAS"},"content":{"rendered":"<p>Gas f\u00fcr Camping und Grills gibt es in &#8220;Meiers Schmiede&#8221; in Heidenau. Es k\u00f6nnen Flaschen in den Gr\u00f6\u00dfen 5KG, 11KG und 33KG erworben oder bef\u00fcllt werden.<br \/>\nEs werden nur deutsche Gasflaschen aufgef\u00fcllt.<br \/>\nAu\u00dferdem verf\u00fcgt Meiers Schmiede \u00fcber eine Autogas-Tankstelle und Schmiedewerkstatt.<\/p>\n<p>Meiers Schmiede, Hauptstra\u00dfe 12, 21258 Heidenau, meiers-schmiede@t-online.de, 04182-950192<br \/>\nEs gibt dort keine festen \u00d6ffnungszeiten, daher nehmen Sie bitte vorher telefonisch Kontakt auf. Mobil: 0170 2318991<\/p>\n<p>Preise f\u00fcr Gasflaschenf\u00fcllung: 5KG=14,50\u20ac, 11KG=27,50\u20ac, 33KG=80\u20ac (33KG mit Anlieferung Ferienzentrum=84\u20ac) Diese Preise k\u00f6nnen je nach aktuellem Gaspreis variieren.<\/p>\n<p><a href=\"https:\/\/www.ferienzentrum-heidenau.de\/wp-content\/uploads\/Ferienzentrum-Camping-Urlaub-Wohnmobil-Stellplatz-Ferien-Wohnwagen-Zelt-A1-Heidenau-Gasflasche-Gas-Bottle-01.jpg\" target=\"_blank\" rel=\"noopener\"><img loading=\"lazy\" decoding=\"async\" class=\"alignnone wp-image-5752 size-full\" src=\"https:\/\/www.ferienzentrum-heidenau.de\/wp-content\/uploads\/Ferienzentrum-Camping-Urlaub-Wohnmobil-Stellplatz-Ferien-Wohnwagen-Zelt-A1-Heidenau-Gasflasche-Gas-Bottle-01.jpg\" alt=\"\" width=\"1920\" height=\"1280\" srcset=\"https:\/\/www.ferienzentrum-heidenau.de\/wp-content\/uploads\/Ferienzentrum-Camping-Urlaub-Wohnmobil-Stellplatz-Ferien-Wohnwagen-Zelt-A1-Heidenau-Gasflasche-Gas-Bottle-01.jpg 1920w, https:\/\/www.ferienzentrum-heidenau.de\/wp-content\/uploads\/Ferienzentrum-Camping-Urlaub-Wohnmobil-Stellplatz-Ferien-Wohnwagen-Zelt-A1-Heidenau-Gasflasche-Gas-Bottle-01-300x200.jpg 300w, https:\/\/www.ferienzentrum-heidenau.de\/wp-content\/uploads\/Ferienzentrum-Camping-Urlaub-Wohnmobil-Stellplatz-Ferien-Wohnwagen-Zelt-A1-Heidenau-Gasflasche-Gas-Bottle-01-768x512.jpg 768w, https:\/\/www.ferienzentrum-heidenau.de\/wp-content\/uploads\/Ferienzentrum-Camping-Urlaub-Wohnmobil-Stellplatz-Ferien-Wohnwagen-Zelt-A1-Heidenau-Gasflasche-Gas-Bottle-01-391x260.jpg 391w, https:\/\/www.ferienzentrum-heidenau.de\/wp-content\/uploads\/Ferienzentrum-Camping-Urlaub-Wohnmobil-Stellplatz-Ferien-Wohnwagen-Zelt-A1-Heidenau-Gasflasche-Gas-Bottle-01-1536x1024.jpg 1536w, https:\/\/www.ferienzentrum-heidenau.de\/wp-content\/uploads\/Ferienzentrum-Camping-Urlaub-Wohnmobil-Stellplatz-Ferien-Wohnwagen-Zelt-A1-Heidenau-Gasflasche-Gas-Bottle-01-280x187.jpg 280w, https:\/\/www.ferienzentrum-heidenau.de\/wp-content\/uploads\/Ferienzentrum-Camping-Urlaub-Wohnmobil-Stellplatz-Ferien-Wohnwagen-Zelt-A1-Heidenau-Gasflasche-Gas-Bottle-01-1170x780.jpg 1170w\" sizes=\"auto, (max-width: 1920px) 100vw, 1920px\" \/><\/a><\/p>\n","protected":false},"excerpt":{"rendered":"<p>Gas f\u00fcr Camping und Grills gibt es in &#8220;Meiers Schmiede&#8221; in Heidenau. Es k\u00f6nnen Flaschen in den Gr\u00f6\u00dfen 5KG, 11KG und 33KG erworben oder bef\u00fcllt werden. Es werden nur deutsche Gasflaschen aufgef\u00fcllt. Au\u00dferdem verf\u00fcgt Meiers Schmiede \u00fcber eine Autogas-Tankstelle und Schmiedewerkstatt. Meiers Schmiede, Hauptstra\u00dfe 12, 21258 Heidenau, meiers-schmiede@t-online.de, 04182-950192 Es gibt dort keine festen \u00d6ffnungszeiten,<\/p>\n","protected":false},"author":2,"featured_media":0,"parent":0,"menu_order":0,"comment_status":"closed","ping_status":"closed","template":"","meta":{"footnotes":""},"class_list":["post-5751","page","type-page","status-publish","hentry"],"_links":{"self":[{"href":"https:\/\/www.ferienzentrum-heidenau.de\/en\/wp-json\/wp\/v2\/pages\/5751","targetHints":{"allow":["GET"]}}],"collection":[{"href":"https:\/\/www.ferienzentrum-heidenau.de\/en\/wp-json\/wp\/v2\/pages"}],"about":[{"href":"https:\/\/www.ferienzentrum-heidenau.de\/en\/wp-json\/wp\/v2\/types\/page"}],"author":[{"embeddable":true,"href":"https:\/\/www.ferienzentrum-heidenau.de\/en\/wp-json\/wp\/v2\/users\/2"}],"replies":[{"embeddable":true,"href":"https:\/\/www.ferienzentrum-heidenau.de\/en\/wp-json\/wp\/v2\/comments?post=5751"}],"version-history":[{"count":7,"href":"https:\/\/www.ferienzentrum-heidenau.de\/en\/wp-json\/wp\/v2\/pages\/5751\/revisions"}],"predecessor-version":[{"id":7351,"href":"https:\/\/www.ferienzentrum-heidenau.de\/en\/wp-json\/wp\/v2\/pages\/5751\/revisions\/7351"}],"wp:attachment":[{"href":"https:\/\/www.ferienzentrum-heidenau.de\/en\/wp-json\/wp\/v2\/media?parent=5751"}],"curies":[{"name":"wp","href":"https:\/\/api.w.org\/{rel}","templated":true}]}}