{"id":5398,"date":"2021-07-08T07:55:58","date_gmt":"2021-07-08T07:55:58","guid":{"rendered":"https:\/\/www.ferienzentrumheidenau.de\/historie\/"},"modified":"2021-07-30T10:43:54","modified_gmt":"2021-07-30T10:43:54","slug":"historie","status":"publish","type":"page","link":"https:\/\/www.ferienzentrum-heidenau.de\/nl\/historie\/","title":{"rendered":"HISTORIE"},"content":{"rendered":"<p>Irgendwann Anfang der 70er Jahre hatte Robert Hoffmann eine Vision von einem gro\u00dfen Feriengel\u00e4nde in der N\u00e4he von Hamburg, so das Familien nicht mehr zwingend in den S\u00fcden fahren mussten, um in eine Urlaubsidylle zu fahren und Spa\u00df und Erholung zu finden. Zu diesem Zeitpunkt hatte Robert Hoffmann einen gro\u00dfen Vertrieb von Wohnwagen, den &#8220;Wohnwagen Vertrieb Hamburg&#8221;, mit vier Filialen im Norden von Hamburg, und somit sehr viel Erfahrung mit dem Wunsch nach Ferien und Erholung durch seine mobile Kundschaft.<\/p>\n<p>1972 fand er das kleine verschlafene D\u00f6rfchen Heidenau genau zwischen Hamburg und Bremen an der A1 gelegen. Er kaufte kurz darauf das riesige Waldgrundst\u00fcck etwas au\u00dferhalb von Heidenau gelegen. Das hier mal ein Ferienparadies entstehen w\u00fcrde, konnte sich in der Familie und bei Freunden nicht wirklich jemand vorstellen. Aber Robert und Erica Hoffmann sollten Alle eines Besseren belehren. Aber dazu sp\u00e4ter mehr.<\/p>\n","protected":false},"excerpt":{"rendered":"<p>Irgendwann Anfang der 70er Jahre hatte Robert Hoffmann eine Vision von einem gro\u00dfen Feriengel\u00e4nde in der N\u00e4he von Hamburg, so das Familien nicht mehr zwingend in den S\u00fcden fahren mussten, um in eine Urlaubsidylle zu fahren und Spa\u00df und Erholung zu finden. Zu diesem Zeitpunkt hatte Robert Hoffmann einen gro\u00dfen Vertrieb von Wohnwagen, den &#8220;Wohnwagen<\/p>\n","protected":false},"author":2,"featured_media":0,"parent":0,"menu_order":0,"comment_status":"closed","ping_status":"open","template":"","meta":{"footnotes":""},"class_list":["post-5398","page","type-page","status-publish","hentry"],"_links":{"self":[{"href":"https:\/\/www.ferienzentrum-heidenau.de\/nl\/wp-json\/wp\/v2\/pages\/5398","targetHints":{"allow":["GET"]}}],"collection":[{"href":"https:\/\/www.ferienzentrum-heidenau.de\/nl\/wp-json\/wp\/v2\/pages"}],"about":[{"href":"https:\/\/www.ferienzentrum-heidenau.de\/nl\/wp-json\/wp\/v2\/types\/page"}],"author":[{"embeddable":true,"href":"https:\/\/www.ferienzentrum-heidenau.de\/nl\/wp-json\/wp\/v2\/users\/2"}],"replies":[{"embeddable":true,"href":"https:\/\/www.ferienzentrum-heidenau.de\/nl\/wp-json\/wp\/v2\/comments?post=5398"}],"version-history":[{"count":1,"href":"https:\/\/www.ferienzentrum-heidenau.de\/nl\/wp-json\/wp\/v2\/pages\/5398\/revisions"}],"predecessor-version":[{"id":5403,"href":"https:\/\/www.ferienzentrum-heidenau.de\/nl\/wp-json\/wp\/v2\/pages\/5398\/revisions\/5403"}],"wp:attachment":[{"href":"https:\/\/www.ferienzentrum-heidenau.de\/nl\/wp-json\/wp\/v2\/media?parent=5398"}],"curies":[{"name":"wp","href":"https:\/\/api.w.org\/{rel}","templated":true}]}}